{"id":124,"date":"2022-10-05T11:23:11","date_gmt":"2022-10-05T11:23:11","guid":{"rendered":"https:\/\/klbtheme.com\/partdo\/cart\/"},"modified":"2022-10-05T11:23:11","modified_gmt":"2022-10-05T11:23:11","slug":"cart-2","status":"publish","type":"page","link":"https:\/\/protune.lt\/index.php\/cart-2\/","title":{"rendered":"Cart"},"content":{"rendered":"<div class=\"woocommerce\"><div class=\"woocommerce-notices-wrapper\"><\/div>\r\n<div class=\"row content-wrapper\">\r\n\t<div class=\"col col-12 col-lg-12 primary-column\">\r\n\t\t<div class=\"cart-wrapper\">\r\n\t\t\r\n\t\t\t<form class=\"woocommerce-cart-form\" action=\"https:\/\/protune.lt\/index.php\/cart-2\/\" method=\"post\">\r\n\t\t\t\t\t\t<div class=\"klbth-free-shipping success\"> \r\n\t\t\t<p class=\"free-shipping-notice\"> \r\n\t\t\t\tJ\u016bs\u0173 u\u017esakymas atitinka nemokam\u0105 pristatym\u0105!\t\t    <\/p>\r\n\t\t    <div class=\"shipping-progress\"> <span style=\"width: 100%\"><\/span><\/div>\r\n\t\t<\/div>\r\n\t\t\t\r\n\t\r\n\t\t\t\t<table class=\"table shop_table shop_table_responsive cart woocommerce-cart-form__contents\" cellspacing=\"0\">\r\n\t\t\t\t\t<thead>\r\n\t\t\t\t\t\t<tr>\r\n\t\t\t\t\t\t\t<th class=\"product-remove\"><span class=\"screen-reader-text\">Remove item<\/span><\/th>\r\n\t\t\t\t\t\t\t<th class=\"product-thumbnail\"><span class=\"screen-reader-text\">Thumbnail image<\/span><\/th>\r\n\t\t\t\t\t\t\t<th scope=\"col\" class=\"product-name\">Product<\/th>\r\n\t\t\t\t\t\t\t<th scope=\"col\" class=\"product-price\">Price<\/th>\r\n\t\t\t\t\t\t\t<th scope=\"col\" class=\"product-quantity\">Quantity<\/th>\r\n\t\t\t\t\t\t\t<th scope=\"col\" class=\"product-subtotal\">Subtotal<\/th>\r\n\t\t\t\t\t\t<\/tr>\r\n\t\t\t\t\t<\/thead>\r\n\t\t\t\t\t<tbody>\r\n\t\t\t\t\t\t\r\n\t\t\t\t\t\t\t\t\t\t\t\t\t\t<tr class=\"woocommerce-cart-form__cart-item cart_item\">\r\n\r\n\t\t\t\t\t\t\t\t\t<td class=\"product-remove\">\r\n\t\t\t\t\t\t\t\t\t\t<a role=\"button\" href=\"https:\/\/protune.lt\/index.php\/cart-2\/?remove_item=916600b49afac5be3ed0295990e89729&#038;_wpnonce=aca34b5d58\" class=\"remove\" aria-label=\"Remove Maxton Design priekinio bamperio apdaila V1 BMW 3-er (G20\/G21) (M-Pack\/M340i) (Facelift) from cart\" data-product_id=\"73929\" data-product_sku=\"BM-3-G20F-MPACK-FD1G\">&times;<\/a>\t\t\t\t\t\t\t\t\t<\/td>\r\n\r\n\t\t\t\t\t\t\t\t\t<td class=\"product-thumbnail\">\r\n\t\t\t\t\t\t\t\t\t<a href=\"https:\/\/protune.lt\/index.php\/product\/maxton-design-priekinio-bamperio-apdaila-v1-bmw-3-er-g20-g21-m-pack-m340i-facelift\/\"><img fetchpriority=\"high\" decoding=\"async\" width=\"300\" height=\"180\" src=\"https:\/\/protune.lt\/wp-content\/uploads\/2024\/01\/18620_3-300x180.png\" class=\"attachment-woocommerce_thumbnail size-woocommerce_thumbnail\" alt=\"Maxton Design priekinio bamperio apdaila V1 BMW 3-er (G20\/G21) (M-Pack\/M340i) (Facelift)\" srcset=\"https:\/\/protune.lt\/wp-content\/uploads\/2024\/01\/18620_3-300x180.png 300w, https:\/\/protune.lt\/wp-content\/uploads\/2024\/01\/18620_3-90x54.png 90w, https:\/\/protune.lt\/wp-content\/uploads\/2024\/01\/18620_3-600x360.png 600w, https:\/\/protune.lt\/wp-content\/uploads\/2024\/01\/18620_3-768x461.png 768w, https:\/\/protune.lt\/wp-content\/uploads\/2024\/01\/18620_3.png 1000w\" sizes=\"(max-width: 300px) 100vw, 300px\" \/><\/a>\t\t\t\t\t\t\t\t\t<\/td>\r\n\r\n\t\t\t\t\t\t\t\t\t<td scope=\"row\" role=\"rowheader\" class=\"product-name\" data-title=\"Product\">\r\n\t\t\t\t\t\t\t\t\t<a href=\"https:\/\/protune.lt\/index.php\/product\/maxton-design-priekinio-bamperio-apdaila-v1-bmw-3-er-g20-g21-m-pack-m340i-facelift\/\">Maxton Design priekinio bamperio apdaila V1 BMW 3-er (G20\/G21) (M-Pack\/M340i) (Facelift)<\/a>\t\t\t\t\t\t\t\t\t<\/td>\r\n\r\n\t\t\t\t\t\t\t\t\t<td class=\"product-price\" data-title=\"Price\">\r\n\t\t\t\t\t\t\t\t\t\t<span class=\"woocommerce-Price-amount amount\"><bdi>199,00&nbsp;<span class=\"woocommerce-Price-currencySymbol\">&euro;<\/span><\/bdi><\/span>\t\t\t\t\t\t\t\t\t<\/td>\r\n\r\n\t\t\t\t\t\t\t\t\t<td class=\"product-quantity\" data-title=\"Quantity\">\r\n\t\t\t\t\t\t\t\t\t<div class=\"quantity\">\r\n\t\t<label class=\"screen-reader-text\" for=\"quantity_69dd179e6f3ce\">Maxton Design priekinio bamperio apdaila V1 BMW 3-er (G20\/G21) (M-Pack\/M340i) (Facelift) quantity<\/label>\r\n\t<div class=\"quantity-button minus\"><\/div>\r\n\t<input\r\n\t\ttype=\"text\"\r\n\t\t\t\tid=\"quantity_69dd179e6f3ce\"\r\n\t\tclass=\"input-text qty text\"\r\n\t\tname=\"cart[916600b49afac5be3ed0295990e89729][qty]\"\r\n\t\tvalue=\"1\"\r\n\t\taria-label=\"Product quantity\"\r\n\t\t\t\tmin=\"0\"\r\n\t\t\t\t\t\t\tstep=\"1\"\r\n\t\t\tplaceholder=\"\"\r\n\t\t\tinputmode=\"numeric\"\r\n\t\t\tautocomplete=\"off\"\r\n\t\t\t\/>\r\n\t<div class=\"quantity-button plus\"><\/div>\r\n\t<\/div>\r\n\t\t\t\t\t\t\t\t\t<\/td>\r\n\r\n\t\t\t\t\t\t\t\t\t<td class=\"product-subtotal\" data-title=\"Subtotal\">\r\n\t\t\t\t\t\t\t\t\t\t<span class=\"woocommerce-Price-amount amount\"><bdi>199,00&nbsp;<span class=\"woocommerce-Price-currencySymbol\">&euro;<\/span><\/bdi><\/span>\t\t\t\t\t\t\t\t\t<\/td>\r\n\t\t\t\t\t\t\t\t<\/tr>\r\n\t\t\t\t\t\t\t\t\r\n\t\t\t\t\t\t\r\n\t\t\t\t\t\t<tr>\r\n\t\t\t\t\t\t\t<td colspan=\"6\" class=\"actions\">\r\n\t\t\t\t\t\t\t\t<div class=\"actions-wrapper\">\r\n\t\t\t\t\t\t\t\t\t\t\t\t\t\t\t\t\t\t\t<div class=\"coupon\">\r\n\t\t\t\t\t\t\t\t\t\t\t<label for=\"coupon_code\" class=\"screen-reader-text\">Coupon:<\/label> <input type=\"text\" name=\"coupon_code\" class=\"input-text\" id=\"coupon_code\" value=\"\" placeholder=\"Coupon code\" \/> <button type=\"submit\" class=\"button\" name=\"apply_coupon\" value=\"Apply coupon\">Apply coupon<\/button>\r\n\t\t\t\t\t\t\t\t\t\t\t\t\t\t\t\t\t\t\t\t\t<\/div>\r\n\t\t\t\t\t\t\t\t\t\r\n\t\t\t\t\t\t\t\t\t<button type=\"submit\" class=\"button\" name=\"update_cart\" value=\"Update cart\">Update cart<\/button>\r\n\r\n\t\t\t\t\t\t\t\t\t<a href=\"#\" class=\"button remove-all\">Remove All<\/a>\r\n\t\t\t\t\t\t\t\t\t<input type=\"hidden\" id=\"woocommerce-cart-nonce\" name=\"woocommerce-cart-nonce\" value=\"aca34b5d58\" \/><input type=\"hidden\" name=\"_wp_http_referer\" value=\"\/index.php\/wp-json\/wp\/v2\/pages\/124\" \/>\t\t\t\t\t\t\t\t<\/div>\r\n\t\t\t\t\t\t\t<\/td>\r\n\t\t\t\t\t\t<\/tr>\r\n\r\n\t\t\t\t\t\t\t\t\t\t\t<\/tbody>\r\n\t\t\t\t<\/table>\r\n\t\t\t\t\t\t\t<\/form>\r\n\r\n\t\t\t\r\n\t\t\t<div class=\"cart-collaterals\">\r\n\t\t\t\t<div class=\"cart_totals \">\n\n\t\n\t<h2>Krep\u0161elio skai\u010diavimas<\/h2>\n\n\t<table cellspacing=\"0\" class=\"shop_table shop_table_responsive\">\n\n\t\t<tr class=\"cart-subtotal\">\n\t\t\t<th>Suma<\/th>\n\t\t\t<td data-title=\"Suma\"><span class=\"woocommerce-Price-amount amount\"><bdi>199,00&nbsp;<span class=\"woocommerce-Price-currencySymbol\">&euro;<\/span><\/bdi><\/span><\/td>\n\t\t<\/tr>\n\n\t\t\n\t\t\n\t\t\t\n\t\t\t<tr class=\"woocommerce-shipping-totals shipping\">\n\t<th>Pristatymas<\/th>\n\t<td data-title=\"Pristatymas\">\n\t\t\t\t\t<ul id=\"shipping_method\" class=\"woocommerce-shipping-methods\">\n\t\t\t\t\t\t\t\t\t<li>\n\t\t\t\t\t\t<input type=\"radio\" name=\"shipping_method[0]\" data-index=\"0\" id=\"shipping_method_0_flat_rate1\" value=\"flat_rate:1\" class=\"shipping_method\"  checked='checked' \/><label for=\"shipping_method_0_flat_rate1\">Flat rate: <span class=\"woocommerce-Price-amount amount\"><bdi>5,00&nbsp;<span class=\"woocommerce-Price-currencySymbol\">&euro;<\/span><\/bdi><\/span><\/label>\t\t\t\t\t<\/li>\n\t\t\t\t\t\t\t\t\t<li>\n\t\t\t\t\t\t<input type=\"radio\" name=\"shipping_method[0]\" data-index=\"0\" id=\"shipping_method_0_local_pickup2\" value=\"local_pickup:2\" class=\"shipping_method\"  \/><label for=\"shipping_method_0_local_pickup2\">Pick Up (Verslo str. 11, Grigai\u010diai)<\/label>\t\t\t\t\t<\/li>\n\t\t\t\t\t\t\t<\/ul>\n\t\t\t\t\t\t\t<p class=\"woocommerce-shipping-destination\">\n\t\t\t\t\tPristatymo pasirinkimai bus atnaujinti apmok\u0117jimo metu.\t\t\t\t<\/p>\n\t\t\t\t\t\t\n\t\t\n\t\t\t\t\t\n<form class=\"woocommerce-shipping-calculator\" action=\"https:\/\/protune.lt\/index.php\/cart-2\/\" method=\"post\">\n\n\t<a href=\"#\" class=\"shipping-calculator-button\" aria-expanded=\"false\" aria-controls=\"shipping-calculator-form\" role=\"button\">Skai\u010diuoti pristatym\u0105<\/a>\n\t<section class=\"shipping-calculator-form\" id=\"shipping-calculator-form\" style=\"display:none;\">\n\n\t\t\t\t\t<p class=\"form-row form-row-wide\" id=\"calc_shipping_country_field\">\n\t\t\t\t<label for=\"calc_shipping_country\">\u0160alis \/ Regionas:<\/label>\n\t\t\t\t<select name=\"calc_shipping_country\" id=\"calc_shipping_country\" class=\"country_to_state country_select\" rel=\"calc_shipping_state\">\n\t\t\t\t\t<option value=\"default\">Pasirinkite \u0161al\u012f\/region\u0105&hellip;<\/option>\n\t\t\t\t\t<option value=\"EE\">Estija<\/option><option value=\"FI\">Suomija<\/option><option value=\"LV\">Latvija<\/option><option value=\"LT\" selected='selected'>Lietuva<\/option><option value=\"NO\">Norvegija<\/option><option value=\"PL\">Lenkija<\/option><option value=\"SE\">\u0160vedija<\/option>\t\t\t\t<\/select>\n\t\t\t<\/p>\n\t\t\n\t\t\t\t\t<p class=\"form-row form-row-wide\" id=\"calc_shipping_state_field\">\n\t\t\t\t\t\t\t\t\t<label for=\"calc_shipping_state\">Apskritis<\/label>\n\t\t\t\t\t<input type=\"text\" class=\"input-text\" value=\"\" name=\"calc_shipping_state\" id=\"calc_shipping_state\" \/>\n\t\t\t\t\t\t\t\t<\/p>\n\t\t\n\t\t\t\t\t<p class=\"form-row form-row-wide\" id=\"calc_shipping_city_field\">\n\t\t\t\t<label for=\"calc_shipping_city\">Miestas:<\/label>\n\t\t\t\t<input type=\"text\" class=\"input-text\" value=\"\" name=\"calc_shipping_city\" id=\"calc_shipping_city\" \/>\n\t\t\t<\/p>\n\t\t\n\t\t\t\t\t<p class=\"form-row form-row-wide\" id=\"calc_shipping_postcode_field\">\n\t\t\t\t<label for=\"calc_shipping_postcode\">Pa\u0161to kodas:<\/label>\n\t\t\t\t<input type=\"text\" class=\"input-text\" value=\"\" name=\"calc_shipping_postcode\" id=\"calc_shipping_postcode\" \/>\n\t\t\t<\/p>\n\t\t\n\t\t<p><button type=\"submit\" name=\"calc_shipping\" value=\"1\" class=\"button\">Atnaujinti<\/button><\/p>\n\t\t<input type=\"hidden\" id=\"woocommerce-shipping-calculator-nonce\" name=\"woocommerce-shipping-calculator-nonce\" value=\"478004a9c0\" \/><input type=\"hidden\" name=\"_wp_http_referer\" value=\"\/index.php\/wp-json\/wp\/v2\/pages\/124\" \/>\t<\/section>\n<\/form>\n\n\t\t\t<\/td>\n<\/tr>\n\n\t\t\t\n\t\t\n\t\t\n\t\t\n\t\t\n\t\t<tr class=\"order-total\">\n\t\t\t<th>Viso<\/th>\n\t\t\t<td data-title=\"Viso\"><strong><span class=\"woocommerce-Price-amount amount\"><bdi>204,00&nbsp;<span class=\"woocommerce-Price-currencySymbol\">&euro;<\/span><\/bdi><\/span><\/strong> <small class=\"includes_tax\">(\u012fskai\u010diuota <span class=\"woocommerce-Price-amount amount\">35,41&nbsp;<span class=\"woocommerce-Price-currencySymbol\">&euro;<\/span><\/span> VAT)<\/small><\/td>\n\t\t<\/tr>\n\n\t\t\n\t<\/table>\n\n\t<div class=\"wc-proceed-to-checkout\">\n\t\t\n<a href=\"https:\/\/protune.lt\/index.php\/checkout-2\/\" class=\"checkout-button button alt wc-forward\">\n\tT\u0119sti atsiskaitym\u0105<\/a>\n\t<\/div>\n\n\t\n<\/div>\n\t\t\t<\/div>\r\n\t\t<\/div>\r\n\t<\/div>\r\n<\/div>\r\n<script>\r\n\t\r\n\tvar timeout;\r\n\t\r\n    jQuery(document).ready(function($) {\r\n\r\n\t\tvar timeout;\r\n\r\n\t\t$('.woocommerce').on('change', 'input.qty', function(){\r\n\r\n\t\t\tif ( timeout !== undefined ) {\r\n\t\t\t\tclearTimeout( timeout );\r\n\t\t\t}\r\n\r\n\t\t\ttimeout = setTimeout(function() {\r\n\t\t\t\t$(\"[name='update_cart']\").trigger(\"click\");\r\n\t\t\t}, 1000 ); \/\/ 1 second delay, half a second (500) seems comfortable too\r\n\r\n\t\t});\r\n\r\n    });\r\n    <\/script><\/div>\n","protected":false},"excerpt":{"rendered":"","protected":false},"author":1,"featured_media":0,"parent":0,"menu_order":0,"comment_status":"closed","ping_status":"closed","template":"","meta":{"footnotes":""},"class_list":["post-124","page","type-page","status-publish","hentry"],"_hostinger_reach_plugin_has_subscription_block":false,"_hostinger_reach_plugin_is_elementor":false,"jetpack_sharing_enabled":true,"_links":{"self":[{"href":"https:\/\/protune.lt\/index.php\/wp-json\/wp\/v2\/pages\/124","targetHints":{"allow":["GET"]}}],"collection":[{"href":"https:\/\/protune.lt\/index.php\/wp-json\/wp\/v2\/pages"}],"about":[{"href":"https:\/\/protune.lt\/index.php\/wp-json\/wp\/v2\/types\/page"}],"author":[{"embeddable":true,"href":"https:\/\/protune.lt\/index.php\/wp-json\/wp\/v2\/users\/1"}],"replies":[{"embeddable":true,"href":"https:\/\/protune.lt\/index.php\/wp-json\/wp\/v2\/comments?post=124"}],"version-history":[{"count":0,"href":"https:\/\/protune.lt\/index.php\/wp-json\/wp\/v2\/pages\/124\/revisions"}],"wp:attachment":[{"href":"https:\/\/protune.lt\/index.php\/wp-json\/wp\/v2\/media?parent=124"}],"curies":[{"name":"wp","href":"https:\/\/api.w.org\/{rel}","templated":true}]}}