{"id":97758,"date":"2024-07-04T11:32:03","date_gmt":"2024-07-04T09:32:03","guid":{"rendered":"https:\/\/protune.lt\/index.php\/product\/veidrodeliu-gaubtai-bmw-5-e60-e61-lci-modeliams-07-09-juodi-blizgus\/"},"modified":"2025-11-18T18:31:38","modified_gmt":"2025-11-18T16:31:38","slug":"veidrodeliu-gaubtai-bmw-5-e60-e61-lci-modeliams-07-09-juodi-blizgus","status":"publish","type":"product","link":"https:\/\/protune.lt\/index.php\/product\/veidrodeliu-gaubtai-bmw-5-e60-e61-lci-modeliams-07-09-juodi-blizgus\/","title":{"rendered":"Veidrod\u0117li\u0173 gaubtai BMW 5 E60 E61 LCI modeliams 07-09 juodi blizg\u016bs"},"content":{"rendered":"<p>New and originally packaged.<br \/>\nItem features of # Mirror caps for replacement with sport optics gloss suitable for BMW 5 Series E60 E61 07-09<br \/>\nThe main product features of<br \/>\n# Mirror caps for replacement with sport optics gloss suitable for BMW 5 Series E60 E61 07-09<br \/>\nare:<br \/>\nExterior mirror caps<br \/>\nSport Optik<br \/>\nBLACK GLOSSY<br \/>\n&#8211; These are not cheap covers, but replacement mirror caps with original fastening points<br \/>\n&#8211; Sporty, upgrading optics<br \/>\n&#8211; Easy replacement<br \/>\n&#8211; Top quality<br \/>\n&#8211; Absolutely perfect fit<br \/>\nTechnical details of # mirror caps for replacement with sport optics gloss suitable for BMW 5 Series E60 E61 07 -09 \/ suitable for<br \/>\nBMW 5 Series<br \/>\nType E60 \/ E61<br \/>\nLimousine \/ Touring<br \/>\n(Not for M5)<br \/>\nFacelift<br \/>\nBj. 03\/2007-04\/2009<\/p>\n","protected":false},"excerpt":{"rendered":"<p>New and originally packaged. Item features of # Mirror caps for replacement with sport optics gloss suitable for BMW 5 Series E60 E61 07-09 The main product features of # Mirror caps for replacement with sport optics gloss suitable for BMW 5 Series E60 E61 07-09 are: Exterior mirror caps Sport Optik BLACK GLOSSY &#8211;<\/p>\n<div class=\"klb-readmore button\"><a class=\"btn link\" href=\"https:\/\/protune.lt\/index.php\/product\/veidrodeliu-gaubtai-bmw-5-e60-e61-lci-modeliams-07-09-juodi-blizgus\/\">Read More <i class=\"klbth-icon-right-arrow\"><\/i><\/a><\/div>\n","protected":false},"featured_media":97751,"comment_status":"open","ping_status":"closed","template":"","meta":[],"product_brand":[],"product_cat":[2955,2954,2958],"product_tag":[],"class_list":{"0":"post-97758","1":"product","2":"type-product","3":"status-publish","4":"has-post-thumbnail","6":"product_cat-5-e60-2003-2010","7":"product_cat-bmw","8":"product_cat-veidrodeliu-gaubtai","9":"pa_make-5-e60","10":"pa_make-bmw","12":"first","13":"instock","14":"sale","15":"taxable","16":"shipping-taxable","17":"purchasable","18":"product-type-simple"},"jetpack_sharing_enabled":true,"_links":{"self":[{"href":"https:\/\/protune.lt\/index.php\/wp-json\/wp\/v2\/product\/97758","targetHints":{"allow":["GET"]}}],"collection":[{"href":"https:\/\/protune.lt\/index.php\/wp-json\/wp\/v2\/product"}],"about":[{"href":"https:\/\/protune.lt\/index.php\/wp-json\/wp\/v2\/types\/product"}],"replies":[{"embeddable":true,"href":"https:\/\/protune.lt\/index.php\/wp-json\/wp\/v2\/comments?post=97758"}],"wp:featuredmedia":[{"embeddable":true,"href":"https:\/\/protune.lt\/index.php\/wp-json\/wp\/v2\/media\/97751"}],"wp:attachment":[{"href":"https:\/\/protune.lt\/index.php\/wp-json\/wp\/v2\/media?parent=97758"}],"wp:term":[{"taxonomy":"product_brand","embeddable":true,"href":"https:\/\/protune.lt\/index.php\/wp-json\/wp\/v2\/product_brand?post=97758"},{"taxonomy":"product_cat","embeddable":true,"href":"https:\/\/protune.lt\/index.php\/wp-json\/wp\/v2\/product_cat?post=97758"},{"taxonomy":"product_tag","embeddable":true,"href":"https:\/\/protune.lt\/index.php\/wp-json\/wp\/v2\/product_tag?post=97758"}],"curies":[{"name":"wp","href":"https:\/\/api.w.org\/{rel}","templated":true}]}}