{"id":97786,"date":"2024-07-04T11:33:46","date_gmt":"2024-07-04T09:33:46","guid":{"rendered":"https:\/\/protune.lt\/index.php\/product\/veidrodeliu-gaubtai-m-stiliaus-bmw-x5-f15-x6-f16-x3-f25-lci-x4-f26-juodi-blizgus\/"},"modified":"2025-11-18T18:31:47","modified_gmt":"2025-11-18T16:31:47","slug":"veidrodeliu-gaubtai-m-stiliaus-bmw-x5-f15-x6-f16-x3-f25-lci-x4-f26-juodi-blizgus","status":"publish","type":"product","link":"https:\/\/protune.lt\/index.php\/product\/veidrodeliu-gaubtai-m-stiliaus-bmw-x5-f15-x6-f16-x3-f25-lci-x4-f26-juodi-blizgus\/","title":{"rendered":"Veidrod\u0117li\u0173 gaubtai m stiliaus BMW X5 F15, X6 F16, X3 F25 LCI, X4 F26 juodi blizg\u016bs"},"content":{"rendered":"<ul>\n<li>Tinka BMW X3 F25 LCI modeliams (pagamintiems nuo 2014.07)<\/li>\n<li>Tinka BMW X4 F26 modeliams<\/li>\n<li>Tinka BMW X5 F15 modeliams<\/li>\n<li>Tinka BMW X6 F16 modeliams<\/li>\n<\/ul>\n<p>&nbsp;<\/p>\n<p>&nbsp;<\/p>\n<p>&nbsp;<\/p>\n<p>Juodi Blizg\u016bs M Stiliaus veidrod\u0117li\u0173 dangteliai<\/p>\n","protected":false},"excerpt":{"rendered":"<p>Tinka BMW X3 F25 LCI modeliams (pagamintiems nuo 2014.07) Tinka BMW X4 F26 modeliams Tinka BMW X5 F15 modeliams Tinka BMW X6 F16 modeliams &nbsp; &nbsp; &nbsp; Juodi Blizg\u016bs M Stiliaus veidrod\u0117li\u0173 dangteliai<\/p>\n","protected":false},"featured_media":97782,"comment_status":"open","ping_status":"closed","template":"","meta":[],"product_brand":[],"product_cat":[2954,2958,2974,2972,2966,2969],"product_tag":[],"class_list":{"0":"post-97786","1":"product","2":"type-product","3":"status-publish","4":"has-post-thumbnail","6":"product_cat-bmw","7":"product_cat-veidrodeliu-gaubtai","8":"product_cat-x3-f25-11-17","9":"product_cat-x4-f26-14-18","10":"product_cat-x5-f15-14-18","11":"product_cat-x6-f16-15-19","12":"pa_make-bmw","13":"pa_make-x3-f25","14":"pa_make-x4-f26","15":"pa_make-x5-f15","16":"pa_make-x6-f16","18":"first","19":"instock","20":"sale","21":"taxable","22":"shipping-taxable","23":"purchasable","24":"product-type-simple"},"jetpack_sharing_enabled":true,"_links":{"self":[{"href":"https:\/\/protune.lt\/index.php\/wp-json\/wp\/v2\/product\/97786","targetHints":{"allow":["GET"]}}],"collection":[{"href":"https:\/\/protune.lt\/index.php\/wp-json\/wp\/v2\/product"}],"about":[{"href":"https:\/\/protune.lt\/index.php\/wp-json\/wp\/v2\/types\/product"}],"replies":[{"embeddable":true,"href":"https:\/\/protune.lt\/index.php\/wp-json\/wp\/v2\/comments?post=97786"}],"wp:featuredmedia":[{"embeddable":true,"href":"https:\/\/protune.lt\/index.php\/wp-json\/wp\/v2\/media\/97782"}],"wp:attachment":[{"href":"https:\/\/protune.lt\/index.php\/wp-json\/wp\/v2\/media?parent=97786"}],"wp:term":[{"taxonomy":"product_brand","embeddable":true,"href":"https:\/\/protune.lt\/index.php\/wp-json\/wp\/v2\/product_brand?post=97786"},{"taxonomy":"product_cat","embeddable":true,"href":"https:\/\/protune.lt\/index.php\/wp-json\/wp\/v2\/product_cat?post=97786"},{"taxonomy":"product_tag","embeddable":true,"href":"https:\/\/protune.lt\/index.php\/wp-json\/wp\/v2\/product_tag?post=97786"}],"curies":[{"name":"wp","href":"https:\/\/api.w.org\/{rel}","templated":true}]}}