{"id":97867,"date":"2024-07-04T17:27:08","date_gmt":"2024-07-04T15:27:08","guid":{"rendered":"https:\/\/protune.lt\/index.php\/product\/bagazines-apdaila-psm-look-bmw-5-e60-sedanui-03-10-juoda-blizgi\/"},"modified":"2025-11-18T18:32:12","modified_gmt":"2025-11-18T16:32:12","slug":"bagazines-apdaila-psm-look-bmw-5-e60-sedanui-03-10-juoda-blizgi","status":"publish","type":"product","link":"https:\/\/protune.lt\/index.php\/product\/bagazines-apdaila-psm-look-bmw-5-e60-sedanui-03-10-juoda-blizgi\/","title":{"rendered":"Baga\u017ein\u0117s apdaila PSM look BMW 5 E60 Sedanui 03-10 juoda blizgi"},"content":{"rendered":"<ul>\n<li>Tinka visiems 5 Serijos BMW E60 ir E60 M5 modeliams<\/li>\n<li>Netinka 5 Serijos BMW E61 modeliams<\/li>\n<li>Spoileris pagamintas i\u0161 ABS Plastmas\u0117s. Geras tinkamumas<\/li>\n<li>Baga\u017ein\u0117s spoileris nuda\u017eytas juoda-blizgia spalva<\/li>\n<\/ul>\n<p>PSM Stiliaus Juodas blizgus baga\u017ein\u0117s spoileris skirtas BMW E60 modeliams<\/p>\n","protected":false},"excerpt":{"rendered":"<p>Tinka visiems 5 Serijos BMW E60 ir E60 M5 modeliams Netinka 5 Serijos BMW E61 modeliams Spoileris pagamintas i\u0161 ABS Plastmas\u0117s. Geras tinkamumas Baga\u017ein\u0117s spoileris nuda\u017eytas juoda-blizgia spalva PSM Stiliaus Juodas blizgus baga\u017ein\u0117s spoileris skirtas BMW E60 modeliams<\/p>\n","protected":false},"featured_media":98831,"comment_status":"open","ping_status":"closed","template":"","meta":[],"product_brand":[],"product_cat":[2955,2623,2954],"product_tag":[],"class_list":{"0":"post-97867","1":"product","2":"type-product","3":"status-publish","4":"has-post-thumbnail","6":"product_cat-5-e60-2003-2010","7":"product_cat-bagazines-apdailos","8":"product_cat-bmw","9":"pa_make-5-e60","10":"pa_make-bmw","12":"first","13":"instock","14":"sale","15":"taxable","16":"shipping-taxable","17":"purchasable","18":"product-type-simple"},"jetpack_sharing_enabled":true,"_links":{"self":[{"href":"https:\/\/protune.lt\/index.php\/wp-json\/wp\/v2\/product\/97867","targetHints":{"allow":["GET"]}}],"collection":[{"href":"https:\/\/protune.lt\/index.php\/wp-json\/wp\/v2\/product"}],"about":[{"href":"https:\/\/protune.lt\/index.php\/wp-json\/wp\/v2\/types\/product"}],"replies":[{"embeddable":true,"href":"https:\/\/protune.lt\/index.php\/wp-json\/wp\/v2\/comments?post=97867"}],"wp:featuredmedia":[{"embeddable":true,"href":"https:\/\/protune.lt\/index.php\/wp-json\/wp\/v2\/media\/98831"}],"wp:attachment":[{"href":"https:\/\/protune.lt\/index.php\/wp-json\/wp\/v2\/media?parent=97867"}],"wp:term":[{"taxonomy":"product_brand","embeddable":true,"href":"https:\/\/protune.lt\/index.php\/wp-json\/wp\/v2\/product_brand?post=97867"},{"taxonomy":"product_cat","embeddable":true,"href":"https:\/\/protune.lt\/index.php\/wp-json\/wp\/v2\/product_cat?post=97867"},{"taxonomy":"product_tag","embeddable":true,"href":"https:\/\/protune.lt\/index.php\/wp-json\/wp\/v2\/product_tag?post=97867"}],"curies":[{"name":"wp","href":"https:\/\/api.w.org\/{rel}","templated":true}]}}