{"id":97871,"date":"2024-07-04T17:27:16","date_gmt":"2024-07-04T15:27:16","guid":{"rendered":"https:\/\/protune.lt\/index.php\/product\/psm-stiliaus-bagazines-spoileris-bmw-g30-f90-m5-juodas-blizgus\/"},"modified":"2025-11-18T18:32:14","modified_gmt":"2025-11-18T16:32:14","slug":"psm-stiliaus-bagazines-spoileris-bmw-g30-f90-m5-juodas-blizgus","status":"publish","type":"product","link":"https:\/\/protune.lt\/index.php\/product\/psm-stiliaus-bagazines-spoileris-bmw-g30-f90-m5-juodas-blizgus\/","title":{"rendered":"PSM Stiliaus baga\u017ein\u0117s spoileris BMW G30, F90 M5 juodas blizgus"},"content":{"rendered":"<ul>\n<li>Tinka 5 Serijos BMW G30, F90 M5 modeliams<\/li>\n<li>Netinka 5 Serijos BMW G31 Universalo modeliams<\/li>\n<li>Pagamintas i\u0161 ABS Plastiko<\/li>\n<li>Spoileris nuda\u017eytas juoda blizgia spalva<\/li>\n<\/ul>\n<p>PSM Stiliaus baga\u017ein\u0117s spoileris<\/p>\n","protected":false},"excerpt":{"rendered":"<p>Tinka 5 Serijos BMW G30, F90 M5 modeliams Netinka 5 Serijos BMW G31 Universalo modeliams Pagamintas i\u0161 ABS Plastiko Spoileris nuda\u017eytas juoda blizgia spalva PSM Stiliaus baga\u017ein\u0117s spoileris<\/p>\n","protected":false},"featured_media":97868,"comment_status":"open","ping_status":"closed","template":"","meta":[],"product_brand":[],"product_cat":[2961,2623,2954,2976],"product_tag":[],"class_list":{"0":"post-97871","1":"product","2":"type-product","3":"status-publish","4":"has-post-thumbnail","6":"product_cat-5-g30-g31-17","7":"product_cat-bagazines-apdailos","8":"product_cat-bmw","9":"product_cat-m5-f90-17","10":"pa_make-5-g30","11":"pa_make-bmw","12":"pa_make-m5-f90","14":"first","15":"instock","16":"sale","17":"taxable","18":"shipping-taxable","19":"purchasable","20":"product-type-simple"},"jetpack_sharing_enabled":true,"_links":{"self":[{"href":"https:\/\/protune.lt\/index.php\/wp-json\/wp\/v2\/product\/97871","targetHints":{"allow":["GET"]}}],"collection":[{"href":"https:\/\/protune.lt\/index.php\/wp-json\/wp\/v2\/product"}],"about":[{"href":"https:\/\/protune.lt\/index.php\/wp-json\/wp\/v2\/types\/product"}],"replies":[{"embeddable":true,"href":"https:\/\/protune.lt\/index.php\/wp-json\/wp\/v2\/comments?post=97871"}],"wp:featuredmedia":[{"embeddable":true,"href":"https:\/\/protune.lt\/index.php\/wp-json\/wp\/v2\/media\/97868"}],"wp:attachment":[{"href":"https:\/\/protune.lt\/index.php\/wp-json\/wp\/v2\/media?parent=97871"}],"wp:term":[{"taxonomy":"product_brand","embeddable":true,"href":"https:\/\/protune.lt\/index.php\/wp-json\/wp\/v2\/product_brand?post=97871"},{"taxonomy":"product_cat","embeddable":true,"href":"https:\/\/protune.lt\/index.php\/wp-json\/wp\/v2\/product_cat?post=97871"},{"taxonomy":"product_tag","embeddable":true,"href":"https:\/\/protune.lt\/index.php\/wp-json\/wp\/v2\/product_tag?post=97871"}],"curies":[{"name":"wp","href":"https:\/\/api.w.org\/{rel}","templated":true}]}}