{"id":97910,"date":"2024-07-05T16:52:39","date_gmt":"2024-07-05T14:52:39","guid":{"rendered":"https:\/\/protune.lt\/index.php\/product\/m-sport-apdailos-komplektas-bmw-3-f30-11-15-328-330-modeliams\/"},"modified":"2025-11-18T18:32:21","modified_gmt":"2025-11-18T16:32:21","slug":"m-sport-apdailos-komplektas-bmw-3-f30-11-15-328-330-modeliams","status":"publish","type":"product","link":"https:\/\/protune.lt\/index.php\/product\/m-sport-apdailos-komplektas-bmw-3-f30-11-15-328-330-modeliams\/","title":{"rendered":"M Sport Apdailos komplektas BMW 3 F30 11-15 328, 330 modeliams"},"content":{"rendered":"<p>M Sport apdailos komplektas, M Paketas<\/p>\n<p>Priekinis buferis:<br \/>\nSu parktronik\u0173 skyl\u0117mis ir laikikliais<br \/>\nSu skyl\u0117mis \u017eibint\u0173 apiplovimui ir dangteliais purk\u0161tukams<\/p>\n<p>Galinis buferis:<br \/>\nSu parktronik\u0173 skyl\u0117mis<br \/>\nSu M Sport galiniu difuzoriumi 318, 320, 330 modeliams<\/p>\n<p>\u00bb Tinka 3 Serijos BMW F30 Sedano modeliams<br \/>\n\u00bb Netinka 3 Serijos BMW F31 Universalo modeliams<br \/>\n\u00bb Netinka modeliams su Active Cruise Control funkcija. Reikalingos papildomos grotel\u0117s.<\/p>\n<p>Apdailos komplektas be prie\u0161r\u016bkini\u0173 \u017eibint\u0173.\u00a0Prie\u0161r\u016bkiniai \u017eibintai tinka nuo paprasto buferio \u012f M Sport priekin\u012f bufer\u012f.<\/p>\n<p>\u0160\u012f komplekt\u0105 sudaro:<br \/>\n\u2022 Priekinis buferis<br \/>\n\u2022 Priekinio apatin\u0117s posparni\u0173 dalys<br \/>\n\u2022 Galinis buferis Galinio buferio difuzorius, at\u0161vaitai, laikiklis<br \/>\n\u2022 Slenks\u010di\u0173 komplektas<\/p>\n<p>Apdailos komplektas neoriginalus<\/p>\n","protected":false},"excerpt":{"rendered":"<p>U\u017esakant teiraukit\u0117s d\u0117l pristatymo termino, jeigu prek\u0117s n\u0117ra sand\u0117lyje.<\/p>\n<p>[wpforms id=&#8221;252345&#8243;]<\/p>\n","protected":false},"featured_media":97900,"comment_status":"open","ping_status":"closed","template":"","meta":[],"product_brand":[],"product_cat":[2960,2954,2932],"product_tag":[],"class_list":{"0":"post-97910","1":"product","2":"type-product","3":"status-publish","4":"has-post-thumbnail","6":"product_cat-3-f30-f31-13-18","7":"product_cat-bmw","8":"product_cat-bodykit","9":"pa_make-3-f30-2","10":"pa_make-bmw","12":"first","13":"instock","14":"sale","15":"taxable","16":"shipping-taxable","17":"purchasable","18":"product-type-simple"},"jetpack_sharing_enabled":true,"_links":{"self":[{"href":"https:\/\/protune.lt\/index.php\/wp-json\/wp\/v2\/product\/97910","targetHints":{"allow":["GET"]}}],"collection":[{"href":"https:\/\/protune.lt\/index.php\/wp-json\/wp\/v2\/product"}],"about":[{"href":"https:\/\/protune.lt\/index.php\/wp-json\/wp\/v2\/types\/product"}],"replies":[{"embeddable":true,"href":"https:\/\/protune.lt\/index.php\/wp-json\/wp\/v2\/comments?post=97910"}],"wp:featuredmedia":[{"embeddable":true,"href":"https:\/\/protune.lt\/index.php\/wp-json\/wp\/v2\/media\/97900"}],"wp:attachment":[{"href":"https:\/\/protune.lt\/index.php\/wp-json\/wp\/v2\/media?parent=97910"}],"wp:term":[{"taxonomy":"product_brand","embeddable":true,"href":"https:\/\/protune.lt\/index.php\/wp-json\/wp\/v2\/product_brand?post=97910"},{"taxonomy":"product_cat","embeddable":true,"href":"https:\/\/protune.lt\/index.php\/wp-json\/wp\/v2\/product_cat?post=97910"},{"taxonomy":"product_tag","embeddable":true,"href":"https:\/\/protune.lt\/index.php\/wp-json\/wp\/v2\/product_tag?post=97910"}],"curies":[{"name":"wp","href":"https:\/\/api.w.org\/{rel}","templated":true}]}}