{"id":98052,"date":"2024-07-05T16:57:31","date_gmt":"2024-07-05T14:57:31","guid":{"rendered":"https:\/\/protune.lt\/index.php\/product\/mercedes-benz-e63-facelift-isvaizdos-komplektas-mercedes-benz-e-w213-senam-modeliui-su-zibintais\/"},"modified":"2025-09-15T15:58:20","modified_gmt":"2025-09-15T13:58:20","slug":"mercedes-benz-e63-facelift-isvaizdos-komplektas-mercedes-benz-e-w213-senam-modeliui-su-zibintais","status":"publish","type":"product","link":"https:\/\/protune.lt\/index.php\/product\/mercedes-benz-e63-facelift-isvaizdos-komplektas-mercedes-benz-e-w213-senam-modeliui-su-zibintais\/","title":{"rendered":"Mercedes Benz E63 Facelift I\u0161vaizdos komplektas Mercedes Benz E W213 senam modeliui su \u017eibintais"},"content":{"rendered":"<p>Pilnas komplektas. Viskas kaip nuotraukose.<\/p>\n<p>&nbsp;<\/p>\n<p>Komplekt\u0105 sudaro priekinis bamperis, galinis bamperis, baga\u017ein\u0117, priekiniai bei galiniai \u017eibintai.<\/p>\n<p>&nbsp;<\/p>\n<p>\u0160is komplektas tinka ne facelift tipo automobiliams. \u017dibintai Plug n play.<\/p>\n","protected":false},"excerpt":{"rendered":"<p>Pilnas komplektas. Viskas kaip nuotraukose. &nbsp; Komplekt\u0105 sudaro priekinis bamperis, galinis bamperis, baga\u017ein\u0117, priekiniai bei galiniai \u017eibintai. &nbsp; \u0160is komplektas tinka ne facelift tipo automobiliams. \u017dibintai Plug n play.<\/p>\n","protected":false},"featured_media":98051,"comment_status":"open","ping_status":"closed","template":"","meta":[],"product_brand":[],"product_cat":[2932,3017,3011],"product_tag":[],"class_list":{"0":"post-98052","1":"product","2":"type-product","3":"status-publish","4":"has-post-thumbnail","6":"product_cat-bodykit","7":"product_cat-e-w213-16","8":"product_cat-mercedes-benz","9":"pa_make-e-w213","10":"pa_make-mercedes-benz","12":"first","13":"instock","14":"sale","15":"taxable","16":"shipping-taxable","17":"purchasable","18":"product-type-simple"},"jetpack_sharing_enabled":true,"_links":{"self":[{"href":"https:\/\/protune.lt\/index.php\/wp-json\/wp\/v2\/product\/98052","targetHints":{"allow":["GET"]}}],"collection":[{"href":"https:\/\/protune.lt\/index.php\/wp-json\/wp\/v2\/product"}],"about":[{"href":"https:\/\/protune.lt\/index.php\/wp-json\/wp\/v2\/types\/product"}],"replies":[{"embeddable":true,"href":"https:\/\/protune.lt\/index.php\/wp-json\/wp\/v2\/comments?post=98052"}],"wp:featuredmedia":[{"embeddable":true,"href":"https:\/\/protune.lt\/index.php\/wp-json\/wp\/v2\/media\/98051"}],"wp:attachment":[{"href":"https:\/\/protune.lt\/index.php\/wp-json\/wp\/v2\/media?parent=98052"}],"wp:term":[{"taxonomy":"product_brand","embeddable":true,"href":"https:\/\/protune.lt\/index.php\/wp-json\/wp\/v2\/product_brand?post=98052"},{"taxonomy":"product_cat","embeddable":true,"href":"https:\/\/protune.lt\/index.php\/wp-json\/wp\/v2\/product_cat?post=98052"},{"taxonomy":"product_tag","embeddable":true,"href":"https:\/\/protune.lt\/index.php\/wp-json\/wp\/v2\/product_tag?post=98052"}],"curies":[{"name":"wp","href":"https:\/\/api.w.org\/{rel}","templated":true}]}}