{"id":98117,"date":"2024-07-05T17:22:38","date_gmt":"2024-07-05T15:22:38","guid":{"rendered":"https:\/\/protune.lt\/index.php\/product\/galinio-bamperio-difuzorius-bmw-2-f22-f23-juodas-blizgus-m235i-m240i-modeliams\/"},"modified":"2025-11-18T18:32:57","modified_gmt":"2025-11-18T16:32:57","slug":"galinio-bamperio-difuzorius-bmw-2-f22-f23-juodas-blizgus-m235i-m240i-modeliams","status":"publish","type":"product","link":"https:\/\/protune.lt\/index.php\/product\/galinio-bamperio-difuzorius-bmw-2-f22-f23-juodas-blizgus-m235i-m240i-modeliams\/","title":{"rendered":"Galinio bamperio difuzorius BMW 2 F22\/F23 juodas blizgus m235i, m240i modeliams"},"content":{"rendered":"<p>Performance galinio buferio difuzorius skirtas 235i, 240i modeliams<\/p>\n<p>*Tinka visiems 2 Serijos BMW F22, F23 modeliams su M Sport galiniu buferiu<br \/>\n*Netinka 2 Serijos BMW F22 ir F23 modeliams su paprastu galiniu buferiu<\/p>\n<p>\u2022 Difuzorius pagamintas i\u0161 Plastmas\u0117s<br \/>\n\u2022 Difuzorius juodas blizgus<\/p>\n","protected":false},"excerpt":{"rendered":"<p>U\u017esakant teiraukit\u0117s d\u0117l pristatymo termino, jeigu prek\u0117s n\u0117ra sand\u0117lyje.<\/p>\n<p>[wpforms id=&#8221;252345&#8243;]<\/p>\n","protected":false},"featured_media":98110,"comment_status":"open","ping_status":"closed","template":"","meta":[],"product_brand":[],"product_cat":[2990,2954,2621],"product_tag":[],"class_list":{"0":"post-98117","1":"product","2":"type-product","3":"status-publish","4":"has-post-thumbnail","6":"product_cat-2-f22-f23-14-20","7":"product_cat-bmw","8":"product_cat-galinio-bamperio-difuzoriai","9":"pa_make-2-f22-f23-2013-2019","10":"pa_make-bmw","12":"first","13":"instock","14":"sale","15":"taxable","16":"shipping-taxable","17":"purchasable","18":"product-type-simple"},"jetpack_sharing_enabled":true,"_links":{"self":[{"href":"https:\/\/protune.lt\/index.php\/wp-json\/wp\/v2\/product\/98117","targetHints":{"allow":["GET"]}}],"collection":[{"href":"https:\/\/protune.lt\/index.php\/wp-json\/wp\/v2\/product"}],"about":[{"href":"https:\/\/protune.lt\/index.php\/wp-json\/wp\/v2\/types\/product"}],"replies":[{"embeddable":true,"href":"https:\/\/protune.lt\/index.php\/wp-json\/wp\/v2\/comments?post=98117"}],"wp:featuredmedia":[{"embeddable":true,"href":"https:\/\/protune.lt\/index.php\/wp-json\/wp\/v2\/media\/98110"}],"wp:attachment":[{"href":"https:\/\/protune.lt\/index.php\/wp-json\/wp\/v2\/media?parent=98117"}],"wp:term":[{"taxonomy":"product_brand","embeddable":true,"href":"https:\/\/protune.lt\/index.php\/wp-json\/wp\/v2\/product_brand?post=98117"},{"taxonomy":"product_cat","embeddable":true,"href":"https:\/\/protune.lt\/index.php\/wp-json\/wp\/v2\/product_cat?post=98117"},{"taxonomy":"product_tag","embeddable":true,"href":"https:\/\/protune.lt\/index.php\/wp-json\/wp\/v2\/product_tag?post=98117"}],"curies":[{"name":"wp","href":"https:\/\/api.w.org\/{rel}","templated":true}]}}