{"id":98221,"date":"2024-07-05T17:31:27","date_gmt":"2024-07-05T15:31:27","guid":{"rendered":"https:\/\/protune.lt\/index.php\/product\/performance-galinio-buferio-difuzorius-tinkantis-bmw-e90-e91-335i-modeliams-su-tracklight\/"},"modified":"2024-09-25T15:40:05","modified_gmt":"2024-09-25T13:40:05","slug":"performance-galinio-buferio-difuzorius-tinkantis-bmw-e90-e91-335i-modeliams-su-tracklight","status":"publish","type":"product","link":"https:\/\/protune.lt\/index.php\/product\/performance-galinio-buferio-difuzorius-tinkantis-bmw-e90-e91-335i-modeliams-su-tracklight\/","title":{"rendered":"Performance Galinio buferio difuzorius tinkantis BMW E90, E91 335i modeliams (su tracklight)"},"content":{"rendered":"<p>Performance Galinio buferio difuzorius skirtas su LED \u017dibintu (tracklight)<br \/>\nBe pajungimo instrukcij\u0173<\/p>\n<p>*Tinka visiems 3 Serijos BMW E90, E91 335i ir 335D modeliams<br \/>\n*Netinka 3 Serijos BMW E92 Kup\u0117, E93 Kabrioleto modeliams<\/p>\n<p>Difuzorius yra juodos blizgios spalvos<\/p>\n","protected":false},"excerpt":{"rendered":"<p>Performance Galinio buferio difuzorius skirtas su LED \u017dibintu (tracklight) Be pajungimo instrukcij\u0173 *Tinka visiems 3 Serijos BMW E90, E91 335i ir 335D modeliams *Netinka 3 Serijos BMW E92 Kup\u0117, E93 Kabrioleto modeliams Difuzorius yra juodos blizgios spalvos<\/p>\n","protected":false},"featured_media":98219,"comment_status":"open","ping_status":"closed","template":"","meta":[],"product_brand":[],"product_cat":[2988,2954,2621],"product_tag":[],"class_list":{"0":"post-98221","1":"product","2":"type-product","3":"status-publish","4":"has-post-thumbnail","6":"product_cat-3-e90-e91-05-11","7":"product_cat-bmw","8":"product_cat-galinio-bamperio-difuzoriai","9":"pa_make-3-e90-2","10":"pa_make-bmw","12":"first","13":"instock","14":"sale","15":"taxable","16":"shipping-taxable","17":"purchasable","18":"product-type-simple"},"jetpack_sharing_enabled":true,"_links":{"self":[{"href":"https:\/\/protune.lt\/index.php\/wp-json\/wp\/v2\/product\/98221","targetHints":{"allow":["GET"]}}],"collection":[{"href":"https:\/\/protune.lt\/index.php\/wp-json\/wp\/v2\/product"}],"about":[{"href":"https:\/\/protune.lt\/index.php\/wp-json\/wp\/v2\/types\/product"}],"replies":[{"embeddable":true,"href":"https:\/\/protune.lt\/index.php\/wp-json\/wp\/v2\/comments?post=98221"}],"wp:featuredmedia":[{"embeddable":true,"href":"https:\/\/protune.lt\/index.php\/wp-json\/wp\/v2\/media\/98219"}],"wp:attachment":[{"href":"https:\/\/protune.lt\/index.php\/wp-json\/wp\/v2\/media?parent=98221"}],"wp:term":[{"taxonomy":"product_brand","embeddable":true,"href":"https:\/\/protune.lt\/index.php\/wp-json\/wp\/v2\/product_brand?post=98221"},{"taxonomy":"product_cat","embeddable":true,"href":"https:\/\/protune.lt\/index.php\/wp-json\/wp\/v2\/product_cat?post=98221"},{"taxonomy":"product_tag","embeddable":true,"href":"https:\/\/protune.lt\/index.php\/wp-json\/wp\/v2\/product_tag?post=98221"}],"curies":[{"name":"wp","href":"https:\/\/api.w.org\/{rel}","templated":true}]}}