{"id":98644,"date":"2024-09-25T15:51:01","date_gmt":"2024-09-25T13:51:01","guid":{"rendered":"https:\/\/protune.lt\/index.php\/product\/priekinio-bamperio-performance-apdaila-bmw-3-e90-e91-05-08-juoda-blizgi\/"},"modified":"2024-09-25T16:09:34","modified_gmt":"2024-09-25T14:09:34","slug":"priekinio-bamperio-performance-apdaila-bmw-3-e90-e91-05-08-juoda-blizgi","status":"publish","type":"product","link":"https:\/\/protune.lt\/index.php\/product\/priekinio-bamperio-performance-apdaila-bmw-3-e90-e91-05-08-juoda-blizgi\/","title":{"rendered":"Priekinio bamperio performance apdaila BMW 3 E90 E91 05-08 juoda blizgi"},"content":{"rendered":"<p>Tinka 2005-2008 met\u0173 modeliams su M Sport buferiu<\/p>\n<p>*Tinka 3 Serijos BMW E90, E91 modeliams pagamintiems nuo 2005 iki 2008 su M Sport priekiniu buferiu<\/p>\n<p>*Netinka paprastiems buferiams<br \/>\n*Netinka M3 Look ir tikriems M3 buferiais. Skiriasi forma ir tvirtinimai. Pritaikyti neina.<\/p>\n<p>Pagaminti i\u0161 storos ABS plastmas\u0117s. Nuda\u017eyti juoda blizgia spalva<\/p>\n<p>Tinkamumas geras<\/p>\n","protected":false},"excerpt":{"rendered":"<p>Tinka 2005-2008 met\u0173 modeliams su M Sport buferiu *Tinka 3 Serijos BMW E90, E91 modeliams pagamintiems nuo 2005 iki 2008 su M Sport priekiniu buferiu *Netinka paprastiems buferiams *Netinka M3 Look ir tikriems M3 buferiais. Skiriasi forma ir tvirtinimai. Pritaikyti neina. Pagaminti i\u0161 storos ABS plastmas\u0117s. Nuda\u017eyti juoda blizgia spalva Tinkamumas geras<\/p>\n","protected":false},"featured_media":98643,"comment_status":"open","ping_status":"closed","template":"","meta":[],"product_brand":[],"product_cat":[2988,2954,2618],"product_tag":[],"class_list":{"0":"post-98644","1":"product","2":"type-product","3":"status-publish","4":"has-post-thumbnail","6":"product_cat-3-e90-e91-05-11","7":"product_cat-bmw","8":"product_cat-priekinio-bamperio-apdailos","9":"pa_make-3-e90-2","10":"pa_make-bmw","12":"first","13":"instock","14":"taxable","15":"shipping-taxable","16":"purchasable","17":"product-type-simple"},"jetpack_sharing_enabled":true,"_links":{"self":[{"href":"https:\/\/protune.lt\/index.php\/wp-json\/wp\/v2\/product\/98644","targetHints":{"allow":["GET"]}}],"collection":[{"href":"https:\/\/protune.lt\/index.php\/wp-json\/wp\/v2\/product"}],"about":[{"href":"https:\/\/protune.lt\/index.php\/wp-json\/wp\/v2\/types\/product"}],"replies":[{"embeddable":true,"href":"https:\/\/protune.lt\/index.php\/wp-json\/wp\/v2\/comments?post=98644"}],"wp:featuredmedia":[{"embeddable":true,"href":"https:\/\/protune.lt\/index.php\/wp-json\/wp\/v2\/media\/98643"}],"wp:attachment":[{"href":"https:\/\/protune.lt\/index.php\/wp-json\/wp\/v2\/media?parent=98644"}],"wp:term":[{"taxonomy":"product_brand","embeddable":true,"href":"https:\/\/protune.lt\/index.php\/wp-json\/wp\/v2\/product_brand?post=98644"},{"taxonomy":"product_cat","embeddable":true,"href":"https:\/\/protune.lt\/index.php\/wp-json\/wp\/v2\/product_cat?post=98644"},{"taxonomy":"product_tag","embeddable":true,"href":"https:\/\/protune.lt\/index.php\/wp-json\/wp\/v2\/product_tag?post=98644"}],"curies":[{"name":"wp","href":"https:\/\/api.w.org\/{rel}","templated":true}]}}