{"id":98690,"date":"2024-09-25T15:54:02","date_gmt":"2024-09-25T13:54:02","guid":{"rendered":"https:\/\/protune.lt\/index.php\/product\/priekinio-bamperio-splitteriai-bmw-3-e90-e91-05-08-juodi-blizgus\/"},"modified":"2024-09-30T15:02:23","modified_gmt":"2024-09-30T13:02:23","slug":"priekinio-bamperio-splitteriai-bmw-3-e90-e91-05-08-juodi-blizgus","status":"publish","type":"product","link":"https:\/\/protune.lt\/index.php\/product\/priekinio-bamperio-splitteriai-bmw-3-e90-e91-05-08-juodi-blizgus\/","title":{"rendered":"Priekinio bamperio splitteriai BMW 3 E90 E91 05-08 juodi blizg\u016bs"},"content":{"rendered":"<ul>\n<li>Tinka visiems 3 Serijos BMW E90, E91 Modeliams nuo 2005 iki 2008 met\u0173 su M Sport buferiu<\/li>\n<li>Netinka modeliams su paprastu priekiniu buferiu<\/li>\n<li>Netinka 3 Serijos BMW E90, E91 LCI (pagamintiems nuo 2008 iki 2012) modeliams, E92, E93 ir M3 modeliamsSpoileriai pagaminti i\u0161 PP Plastmas\u0117s. Geras tinkamumas<br \/>\nNuda\u017eyti juoda blizgia spalva<\/li>\n<\/ul>\n<p>Priekinio buferio spoileriai, spliteriai, skirti modeliams su M Sport priekiniu buferiu<\/p>\n","protected":false},"excerpt":{"rendered":"<p>Tinka visiems 3 Serijos BMW E90, E91 Modeliams nuo 2005 iki 2008 met\u0173 su M Sport buferiu Netinka modeliams su paprastu priekiniu buferiu Netinka 3 Serijos BMW E90, E91 LCI (pagamintiems nuo 2008 iki 2012) modeliams, E92, E93 ir M3 modeliamsSpoileriai pagaminti i\u0161 PP Plastmas\u0117s. Geras tinkamumas Nuda\u017eyti juoda blizgia spalva Priekinio buferio spoileriai, spliteriai,<\/p>\n<div class=\"klb-readmore button\"><a class=\"btn link\" href=\"https:\/\/protune.lt\/index.php\/product\/priekinio-bamperio-splitteriai-bmw-3-e90-e91-05-08-juodi-blizgus\/\">Read More <i class=\"klbth-icon-right-arrow\"><\/i><\/a><\/div>\n","protected":false},"featured_media":98689,"comment_status":"open","ping_status":"closed","template":"","meta":[],"product_brand":[],"product_cat":[2988,2954,3025],"product_tag":[],"class_list":{"0":"post-98690","1":"product","2":"type-product","3":"status-publish","4":"has-post-thumbnail","6":"product_cat-3-e90-e91-05-11","7":"product_cat-bmw","8":"product_cat-priekinio-bamperio-spliteriai","9":"pa_make-3-e90-2","10":"pa_make-bmw","12":"first","13":"instock","14":"sale","15":"taxable","16":"shipping-taxable","17":"purchasable","18":"product-type-simple"},"jetpack_sharing_enabled":true,"_links":{"self":[{"href":"https:\/\/protune.lt\/index.php\/wp-json\/wp\/v2\/product\/98690","targetHints":{"allow":["GET"]}}],"collection":[{"href":"https:\/\/protune.lt\/index.php\/wp-json\/wp\/v2\/product"}],"about":[{"href":"https:\/\/protune.lt\/index.php\/wp-json\/wp\/v2\/types\/product"}],"replies":[{"embeddable":true,"href":"https:\/\/protune.lt\/index.php\/wp-json\/wp\/v2\/comments?post=98690"}],"wp:featuredmedia":[{"embeddable":true,"href":"https:\/\/protune.lt\/index.php\/wp-json\/wp\/v2\/media\/98689"}],"wp:attachment":[{"href":"https:\/\/protune.lt\/index.php\/wp-json\/wp\/v2\/media?parent=98690"}],"wp:term":[{"taxonomy":"product_brand","embeddable":true,"href":"https:\/\/protune.lt\/index.php\/wp-json\/wp\/v2\/product_brand?post=98690"},{"taxonomy":"product_cat","embeddable":true,"href":"https:\/\/protune.lt\/index.php\/wp-json\/wp\/v2\/product_cat?post=98690"},{"taxonomy":"product_tag","embeddable":true,"href":"https:\/\/protune.lt\/index.php\/wp-json\/wp\/v2\/product_tag?post=98690"}],"curies":[{"name":"wp","href":"https:\/\/api.w.org\/{rel}","templated":true}]}}