{"id":98916,"date":"2024-10-07T16:01:43","date_gmt":"2024-10-07T14:01:43","guid":{"rendered":"https:\/\/protune.lt\/index.php\/product\/bagazines-apdaila-psm-look-bmw-4-f32-juoda-blizgi\/"},"modified":"2024-10-07T16:11:32","modified_gmt":"2024-10-07T14:11:32","slug":"bagazines-apdaila-psm-look-bmw-4-f32-juoda-blizgi","status":"publish","type":"product","link":"https:\/\/protune.lt\/index.php\/product\/bagazines-apdaila-psm-look-bmw-4-f32-juoda-blizgi\/","title":{"rendered":"Baga\u017ein\u0117s apdaila PSM look BMW 4 F32 juoda blizgi"},"content":{"rendered":"<ul>\n<li><strong>Tinka<\/strong>\u00a04 Serijos BMW F32\u00a0<strong>Coupe<\/strong> modeliams<\/li>\n<li><strong>Netinka<\/strong> 4 Serijos BMW F33 Kabrioletui, F36 Gran Coupe modeliams. \u0160i\u0173 modeli\u0173 baga\u017ein\u0117s dang\u010dio forma skiriasi nuo Coupe modelio!<\/li>\n<li><strong>Netinka<\/strong>\u00a04 Serijos BMW M4 F82, M4 F83 modeliams<\/li>\n<\/ul>\n<p>&nbsp;<\/p>\n<p>&nbsp;<\/p>\n<p>Juodas blizgus PSM Stiliaus baga\u017ein\u0117s spoileris<\/p>\n","protected":false},"excerpt":{"rendered":"<p>Tinka\u00a04 Serijos BMW F32\u00a0Coupe modeliams Netinka 4 Serijos BMW F33 Kabrioletui, F36 Gran Coupe modeliams. \u0160i\u0173 modeli\u0173 baga\u017ein\u0117s dang\u010dio forma skiriasi nuo Coupe modelio! Netinka\u00a04 Serijos BMW M4 F82, M4 F83 modeliams &nbsp; &nbsp; Juodas blizgus PSM Stiliaus baga\u017ein\u0117s spoileris<\/p>\n","protected":false},"featured_media":98915,"comment_status":"open","ping_status":"closed","template":"","meta":[],"product_brand":[],"product_cat":[2986,2623,2954],"product_tag":[],"class_list":{"0":"post-98916","1":"product","2":"type-product","3":"status-publish","4":"has-post-thumbnail","6":"product_cat-4-f32-f33-f36-13-20","7":"product_cat-bagazines-apdailos","8":"product_cat-bmw","9":"pa_make-4-f32-2","10":"pa_make-bmw","12":"first","13":"instock","14":"sale","15":"taxable","16":"shipping-taxable","17":"purchasable","18":"product-type-simple"},"jetpack_sharing_enabled":true,"_links":{"self":[{"href":"https:\/\/protune.lt\/index.php\/wp-json\/wp\/v2\/product\/98916","targetHints":{"allow":["GET"]}}],"collection":[{"href":"https:\/\/protune.lt\/index.php\/wp-json\/wp\/v2\/product"}],"about":[{"href":"https:\/\/protune.lt\/index.php\/wp-json\/wp\/v2\/types\/product"}],"replies":[{"embeddable":true,"href":"https:\/\/protune.lt\/index.php\/wp-json\/wp\/v2\/comments?post=98916"}],"wp:featuredmedia":[{"embeddable":true,"href":"https:\/\/protune.lt\/index.php\/wp-json\/wp\/v2\/media\/98915"}],"wp:attachment":[{"href":"https:\/\/protune.lt\/index.php\/wp-json\/wp\/v2\/media?parent=98916"}],"wp:term":[{"taxonomy":"product_brand","embeddable":true,"href":"https:\/\/protune.lt\/index.php\/wp-json\/wp\/v2\/product_brand?post=98916"},{"taxonomy":"product_cat","embeddable":true,"href":"https:\/\/protune.lt\/index.php\/wp-json\/wp\/v2\/product_cat?post=98916"},{"taxonomy":"product_tag","embeddable":true,"href":"https:\/\/protune.lt\/index.php\/wp-json\/wp\/v2\/product_tag?post=98916"}],"curies":[{"name":"wp","href":"https:\/\/api.w.org\/{rel}","templated":true}]}}